{"id":294,"date":"2024-05-02T23:19:14","date_gmt":"2024-05-02T21:19:14","guid":{"rendered":"https:\/\/etreecolie.maison\/?page_id=294"},"modified":"2025-05-12T15:55:55","modified_gmt":"2025-05-12T13:55:55","slug":"location-de-la-yourte","status":"publish","type":"page","link":"https:\/\/etreecolie.maison\/index.php\/location-de-la-yourte\/","title":{"rendered":"Location de la yourte"},"content":{"rendered":"\n\n\n\n\n\n","protected":false},"excerpt":{"rendered":"","protected":false},"author":1,"featured_media":0,"parent":0,"menu_order":0,"comment_status":"closed","ping_status":"closed","template":"full-width","meta":{"saved_in_kubio":true,"iawp_total_views":268,"footnotes":""},"class_list":["post-294","page","type-page","status-publish","hentry"],"kubio_ai_page_context":{"short_desc":"","purpose":"general"},"yoast_head":"<!-- This site is optimized with the Yoast SEO plugin v27.4 - https:\/\/yoast.com\/product\/yoast-seo-wordpress\/ -->\n<title>Location de la yourte - \u00catre \u00c9co Li\u00e9<\/title>\n<meta name=\"robots\" content=\"index, follow, max-snippet:-1, max-image-preview:large, max-video-preview:-1\" \/>\n<link rel=\"canonical\" href=\"https:\/\/etreecolie.maison\/index.php\/location-de-la-yourte\/\" \/>\n<meta property=\"og:locale\" content=\"fr_FR\" \/>\n<meta property=\"og:type\" content=\"article\" \/>\n<meta property=\"og:title\" content=\"Location de la yourte - \u00catre \u00c9co Li\u00e9\" \/>\n<meta property=\"og:url\" content=\"https:\/\/etreecolie.maison\/index.php\/location-de-la-yourte\/\" \/>\n<meta property=\"og:site_name\" content=\"\u00catre \u00c9co Li\u00e9\" \/>\n<meta property=\"article:publisher\" content=\"https:\/\/www.facebook.com\/etreecolie\" \/>\n<meta property=\"article:modified_time\" content=\"2025-05-12T13:55:55+00:00\" \/>\n<meta name=\"twitter:card\" content=\"summary_large_image\" \/>\n<script type=\"application\/ld+json\" class=\"yoast-schema-graph\">{\"@context\":\"https:\\\/\\\/schema.org\",\"@graph\":[{\"@type\":\"WebPage\",\"@id\":\"https:\\\/\\\/etreecolie.maison\\\/index.php\\\/location-de-la-yourte\\\/\",\"url\":\"https:\\\/\\\/etreecolie.maison\\\/index.php\\\/location-de-la-yourte\\\/\",\"name\":\"Location de la yourte - \u00catre \u00c9co Li\u00e9\",\"isPartOf\":{\"@id\":\"https:\\\/\\\/etreecolie.maison\\\/#website\"},\"datePublished\":\"2024-05-02T21:19:14+00:00\",\"dateModified\":\"2025-05-12T13:55:55+00:00\",\"breadcrumb\":{\"@id\":\"https:\\\/\\\/etreecolie.maison\\\/index.php\\\/location-de-la-yourte\\\/#breadcrumb\"},\"inLanguage\":\"fr-FR\",\"potentialAction\":[{\"@type\":\"ReadAction\",\"target\":[\"https:\\\/\\\/etreecolie.maison\\\/index.php\\\/location-de-la-yourte\\\/\"]}]},{\"@type\":\"BreadcrumbList\",\"@id\":\"https:\\\/\\\/etreecolie.maison\\\/index.php\\\/location-de-la-yourte\\\/#breadcrumb\",\"itemListElement\":[{\"@type\":\"ListItem\",\"position\":1,\"name\":\"Accueil\",\"item\":\"https:\\\/\\\/etreecolie.maison\\\/\"},{\"@type\":\"ListItem\",\"position\":2,\"name\":\"Location de la yourte\"}]},{\"@type\":\"WebSite\",\"@id\":\"https:\\\/\\\/etreecolie.maison\\\/#website\",\"url\":\"https:\\\/\\\/etreecolie.maison\\\/\",\"name\":\"\u00catre \u00c9co Li\u00e9\",\"description\":\"R\u00eaver, apprendre, et construire ensemble \u00e0 la campagne\",\"publisher\":{\"@id\":\"https:\\\/\\\/etreecolie.maison\\\/#organization\"},\"potentialAction\":[{\"@type\":\"SearchAction\",\"target\":{\"@type\":\"EntryPoint\",\"urlTemplate\":\"https:\\\/\\\/etreecolie.maison\\\/?s={search_term_string}\"},\"query-input\":{\"@type\":\"PropertyValueSpecification\",\"valueRequired\":true,\"valueName\":\"search_term_string\"}}],\"inLanguage\":\"fr-FR\"},{\"@type\":\"Organization\",\"@id\":\"https:\\\/\\\/etreecolie.maison\\\/#organization\",\"name\":\"\u00catre \u00c9co Li\u00e9\",\"url\":\"https:\\\/\\\/etreecolie.maison\\\/\",\"logo\":{\"@type\":\"ImageObject\",\"inLanguage\":\"fr-FR\",\"@id\":\"https:\\\/\\\/etreecolie.maison\\\/#\\\/schema\\\/logo\\\/image\\\/\",\"url\":\"https:\\\/\\\/etreecolie.maison\\\/wp-content\\\/uploads\\\/2024\\\/03\\\/logo-eec.jpg\",\"contentUrl\":\"https:\\\/\\\/etreecolie.maison\\\/wp-content\\\/uploads\\\/2024\\\/03\\\/logo-eec.jpg\",\"width\":1535,\"height\":1082,\"caption\":\"\u00catre \u00c9co Li\u00e9\"},\"image\":{\"@id\":\"https:\\\/\\\/etreecolie.maison\\\/#\\\/schema\\\/logo\\\/image\\\/\"},\"sameAs\":[\"https:\\\/\\\/www.facebook.com\\\/etreecolie\",\"https:\\\/\\\/www.linkedin.com\\\/company\\\/etreecolie\\\/\",\"https:\\\/\\\/www.youtube.com\\\/@EtrEecoLieXirocourt\"]}]}<\/script>\n<!-- \/ Yoast SEO plugin. -->","yoast_head_json":{"title":"Location de la yourte - \u00catre \u00c9co Li\u00e9","robots":{"index":"index","follow":"follow","max-snippet":"max-snippet:-1","max-image-preview":"max-image-preview:large","max-video-preview":"max-video-preview:-1"},"canonical":"https:\/\/etreecolie.maison\/index.php\/location-de-la-yourte\/","og_locale":"fr_FR","og_type":"article","og_title":"Location de la yourte - \u00catre \u00c9co Li\u00e9","og_url":"https:\/\/etreecolie.maison\/index.php\/location-de-la-yourte\/","og_site_name":"\u00catre \u00c9co Li\u00e9","article_publisher":"https:\/\/www.facebook.com\/etreecolie","article_modified_time":"2025-05-12T13:55:55+00:00","twitter_card":"summary_large_image","schema":{"@context":"https:\/\/schema.org","@graph":[{"@type":"WebPage","@id":"https:\/\/etreecolie.maison\/index.php\/location-de-la-yourte\/","url":"https:\/\/etreecolie.maison\/index.php\/location-de-la-yourte\/","name":"Location de la yourte - \u00catre \u00c9co Li\u00e9","isPartOf":{"@id":"https:\/\/etreecolie.maison\/#website"},"datePublished":"2024-05-02T21:19:14+00:00","dateModified":"2025-05-12T13:55:55+00:00","breadcrumb":{"@id":"https:\/\/etreecolie.maison\/index.php\/location-de-la-yourte\/#breadcrumb"},"inLanguage":"fr-FR","potentialAction":[{"@type":"ReadAction","target":["https:\/\/etreecolie.maison\/index.php\/location-de-la-yourte\/"]}]},{"@type":"BreadcrumbList","@id":"https:\/\/etreecolie.maison\/index.php\/location-de-la-yourte\/#breadcrumb","itemListElement":[{"@type":"ListItem","position":1,"name":"Accueil","item":"https:\/\/etreecolie.maison\/"},{"@type":"ListItem","position":2,"name":"Location de la yourte"}]},{"@type":"WebSite","@id":"https:\/\/etreecolie.maison\/#website","url":"https:\/\/etreecolie.maison\/","name":"\u00catre \u00c9co Li\u00e9","description":"R\u00eaver, apprendre, et construire ensemble \u00e0 la campagne","publisher":{"@id":"https:\/\/etreecolie.maison\/#organization"},"potentialAction":[{"@type":"SearchAction","target":{"@type":"EntryPoint","urlTemplate":"https:\/\/etreecolie.maison\/?s={search_term_string}"},"query-input":{"@type":"PropertyValueSpecification","valueRequired":true,"valueName":"search_term_string"}}],"inLanguage":"fr-FR"},{"@type":"Organization","@id":"https:\/\/etreecolie.maison\/#organization","name":"\u00catre \u00c9co Li\u00e9","url":"https:\/\/etreecolie.maison\/","logo":{"@type":"ImageObject","inLanguage":"fr-FR","@id":"https:\/\/etreecolie.maison\/#\/schema\/logo\/image\/","url":"https:\/\/etreecolie.maison\/wp-content\/uploads\/2024\/03\/logo-eec.jpg","contentUrl":"https:\/\/etreecolie.maison\/wp-content\/uploads\/2024\/03\/logo-eec.jpg","width":1535,"height":1082,"caption":"\u00catre \u00c9co Li\u00e9"},"image":{"@id":"https:\/\/etreecolie.maison\/#\/schema\/logo\/image\/"},"sameAs":["https:\/\/www.facebook.com\/etreecolie","https:\/\/www.linkedin.com\/company\/etreecolie\/","https:\/\/www.youtube.com\/@EtrEecoLieXirocourt"]}]}},"_links":{"self":[{"href":"https:\/\/etreecolie.maison\/index.php\/wp-json\/wp\/v2\/pages\/294","targetHints":{"allow":["GET"]}}],"collection":[{"href":"https:\/\/etreecolie.maison\/index.php\/wp-json\/wp\/v2\/pages"}],"about":[{"href":"https:\/\/etreecolie.maison\/index.php\/wp-json\/wp\/v2\/types\/page"}],"author":[{"embeddable":true,"href":"https:\/\/etreecolie.maison\/index.php\/wp-json\/wp\/v2\/users\/1"}],"replies":[{"embeddable":true,"href":"https:\/\/etreecolie.maison\/index.php\/wp-json\/wp\/v2\/comments?post=294"}],"version-history":[{"count":47,"href":"https:\/\/etreecolie.maison\/index.php\/wp-json\/wp\/v2\/pages\/294\/revisions"}],"predecessor-version":[{"id":1482,"href":"https:\/\/etreecolie.maison\/index.php\/wp-json\/wp\/v2\/pages\/294\/revisions\/1482"}],"wp:attachment":[{"href":"https:\/\/etreecolie.maison\/index.php\/wp-json\/wp\/v2\/media?parent=294"}],"curies":[{"name":"wp","href":"https:\/\/api.w.org\/{rel}","templated":true}]}}